{"id":395,"date":"2025-05-10T21:28:01","date_gmt":"2025-05-10T19:28:01","guid":{"rendered":"https:\/\/moon42-195.com\/?page_id=395"},"modified":"2025-05-12T21:31:40","modified_gmt":"2025-05-12T19:31:40","slug":"mentions-legales","status":"publish","type":"page","link":"https:\/\/moon42-195.com\/index.php\/mentions-legales\/","title":{"rendered":"Mentions l\u00e9gales"},"content":{"rendered":"\n<p>Conform\u00e9ment aux dispositions des articles 6-III et 19 de la Loi n\u00b0 2004-575 du 21 juin 2004 pour la Confiance dans l&rsquo;\u00e9conomie num\u00e9rique, dite L.C.E.N., nous portons \u00e0 la connaissance des utilisateurs et visiteurs des sites www.moon42-195.com et www.ceesli-editions.fr les informations suivantes :<\/p>\n\n\n\n<p><strong>\u00c9DITEUR<\/strong><\/p>\n\n\n\n<p>Les sites&nbsp;www.moon42-195.com et www.ceesli-editions.fr sont la propri\u00e9t\u00e9 exclusive de la soci\u00e9t\u00e9&nbsp;<strong>CEESLI<\/strong>, qui les \u00e9ditent.<\/p>\n\n\n\n<p><strong>CEESLI<\/strong><br><strong>SAS&nbsp;<\/strong>au capital de<strong>5 000&nbsp;<\/strong>\u20ac<br>T\u00e9l&nbsp; :&nbsp;<strong>+33631053755<br><\/strong>Adresse :<strong>&nbsp;9 Rue Victor Hugo&nbsp;<\/strong><strong>92310 SEVRES<\/strong><br>Immatricul\u00e9e au Registre du Commerce et des Soci\u00e9t\u00e9s de&nbsp;<strong>RCS Nanterre 533 126 793&nbsp;<\/strong>sous le num\u00e9ro<strong>53312679300017<\/strong><\/p>\n\n\n\n<p>Num\u00e9ro TVA intracommunautaire :&nbsp;<strong>FR 62533126793<\/strong><br>Adresse de courrier \u00e9lectronique :&nbsp;contact@ceesli-editions.fr<br>&nbsp;<br>Directeur de la&nbsp; publication&nbsp;:&nbsp;<strong>Julien MENTZER<\/strong><br>Contactez le responsable de la publication :&nbsp;<strong>jmentzer@ceesli.fr<\/strong><\/p>\n\n\n\n<p>La soci\u00e9t\u00e9 CEESLI a \u00e9t\u00e9 cr\u00e9\u00e9e par Julien Mentzer en juin 2011. Sa principale activit\u00e9 est l&rsquo;expertise dans le domaine informatique, que ce soit Internet ou dans la captation vid\u00e9o. CEESLI a aussi une activit\u00e9 de micro-\u00e9dition de livres avec la publication des livres suivants : <em>Japon Ch\u00e2teaux et sac \u00e0 dos<\/em> en 2014 et <em>Moon42.195<\/em> en mai 2025<\/p>\n\n\n\n<p><strong>PROPRIETE INTELLECTUELLE<\/strong><\/p>\n\n\n\n<p>L&rsquo;ensemble des \u00e9l\u00e9ments constituant le site est de la propri\u00e9t\u00e9 de la soci\u00e9t\u00e9 CEESLI. Que ce soit les photos, les vid\u00e9os ou les articles, vous ne pouvez pas copier, reproduire ou t\u00e9l\u00e9charger tout ou partie de son contenu, sauf autorisation pr\u00e9alable et expr\u00e8s de la part de la soci\u00e9t\u00e9 CEESLI.<\/p>\n\n\n\n<p>L&rsquo;ensemble des contenus du site web : photos, vid\u00e9os, logos et articles sont prot\u00e9g\u00e9s par le droit d&rsquo;auteur. La soci\u00e9t\u00e9 CEESLI met \u00e0 disposition aux utilisateurs de son site internet une simple autorisation de visualisation. La soci\u00e9t\u00e9 CEESLI met ce contenu de fa\u00e7on gratuite. Ces informations sont ainsi utilis\u00e9es par l&rsquo;internaute sous son enti\u00e8re responsabilit\u00e9 et d\u00e9gage la soci\u00e9t\u00e9 CEESLI de toute responsabilit\u00e9 \u00e0 cet \u00e9gard.<\/p>\n\n\n\n<p>Toute exploitation non autoris\u00e9e du site ou de l\u2019un des \u00e9l\u00e9ments qu\u2019il contient sera consid\u00e9r\u00e9e comme constitutive d\u2019une contrefa\u00e7on et poursuivie conform\u00e9ment aux dispositions pr\u00e9vues au Code de Propri\u00e9t\u00e9 Intellectuelle.<\/p>\n\n\n\n<p><strong>H\u00c9BERGEMENT<\/strong><\/p>\n\n\n\n<p>Le site est h\u00e9berg\u00e9&nbsp;par&nbsp;<strong>OVH&nbsp;<\/strong>2 rue Kellermann 59100 ROUBAIX<\/p>\n\n\n\n<p><\/p>\n","protected":false},"excerpt":{"rendered":"<p>Conform\u00e9ment aux dispositions des articles 6-III et 19 de la Loi n\u00b0 2004-575 du 21 juin 2004 pour la Confiance dans l&rsquo;\u00e9conomie num\u00e9rique, dite [&hellip;]<\/p>\n","protected":false},"author":3,"featured_media":0,"parent":0,"menu_order":0,"comment_status":"closed","ping_status":"closed","template":"","meta":{"_uag_custom_page_level_css":"","site-sidebar-layout":"default","site-content-layout":"","ast-site-content-layout":"","site-content-style":"default","site-sidebar-style":"default","ast-global-header-display":"","ast-banner-title-visibility":"","ast-main-header-display":"","ast-hfb-above-header-display":"","ast-hfb-below-header-display":"","ast-hfb-mobile-header-display":"","site-post-title":"","ast-breadcrumbs-content":"","ast-featured-img":"","footer-sml-layout":"","theme-transparent-header-meta":"","adv-header-id-meta":"","stick-header-meta":"","header-above-stick-meta":"","header-main-stick-meta":"","header-below-stick-meta":"","astra-migrate-meta-layouts":"default","ast-page-background-enabled":"default","ast-page-background-meta":{"desktop":{"background-color":"var(--ast-global-color-5)","background-image":"","background-repeat":"repeat","background-position":"center center","background-size":"auto","background-attachment":"scroll","background-type":"","background-media":"","overlay-type":"","overlay-color":"","overlay-opacity":"","overlay-gradient":""},"tablet":{"background-color":"","background-image":"","background-repeat":"repeat","background-position":"center center","background-size":"auto","background-attachment":"scroll","background-type":"","background-media":"","overlay-type":"","overlay-color":"","overlay-opacity":"","overlay-gradient":""},"mobile":{"background-color":"","background-image":"","background-repeat":"repeat","background-position":"center center","background-size":"auto","background-attachment":"scroll","background-type":"","background-media":"","overlay-type":"","overlay-color":"","overlay-opacity":"","overlay-gradient":""}},"ast-content-background-meta":{"desktop":{"background-color":"var(--ast-global-color-4)","background-image":"","background-repeat":"repeat","background-position":"center center","background-size":"auto","background-attachment":"scroll","background-type":"","background-media":"","overlay-type":"","overlay-color":"","overlay-opacity":"","overlay-gradient":""},"tablet":{"background-color":"var(--ast-global-color-4)","background-image":"","background-repeat":"repeat","background-position":"center center","background-size":"auto","background-attachment":"scroll","background-type":"","background-media":"","overlay-type":"","overlay-color":"","overlay-opacity":"","overlay-gradient":""},"mobile":{"background-color":"var(--ast-global-color-4)","background-image":"","background-repeat":"repeat","background-position":"center center","background-size":"auto","background-attachment":"scroll","background-type":"","background-media":"","overlay-type":"","overlay-color":"","overlay-opacity":"","overlay-gradient":""}},"footnotes":""},"class_list":["post-395","page","type-page","status-publish","hentry"],"uagb_featured_image_src":{"full":false,"thumbnail":false,"medium":false,"medium_large":false,"large":false,"1536x1536":false,"2048x2048":false,"woocommerce_thumbnail":false,"woocommerce_single":false,"woocommerce_gallery_thumbnail":false},"uagb_author_info":{"display_name":"Julien Mentzer","author_link":"https:\/\/moon42-195.com\/index.php\/author\/jmentzer\/"},"uagb_comment_info":0,"uagb_excerpt":"Conform\u00e9ment aux dispositions des articles 6-III et 19 de la Loi n\u00b0 2004-575 du 21 juin 2004 pour la Confiance dans l&rsquo;\u00e9conomie num\u00e9rique, dite [&hellip;]","_links":{"self":[{"href":"https:\/\/moon42-195.com\/index.php\/wp-json\/wp\/v2\/pages\/395","targetHints":{"allow":["GET"]}}],"collection":[{"href":"https:\/\/moon42-195.com\/index.php\/wp-json\/wp\/v2\/pages"}],"about":[{"href":"https:\/\/moon42-195.com\/index.php\/wp-json\/wp\/v2\/types\/page"}],"author":[{"embeddable":true,"href":"https:\/\/moon42-195.com\/index.php\/wp-json\/wp\/v2\/users\/3"}],"replies":[{"embeddable":true,"href":"https:\/\/moon42-195.com\/index.php\/wp-json\/wp\/v2\/comments?post=395"}],"version-history":[{"count":4,"href":"https:\/\/moon42-195.com\/index.php\/wp-json\/wp\/v2\/pages\/395\/revisions"}],"predecessor-version":[{"id":439,"href":"https:\/\/moon42-195.com\/index.php\/wp-json\/wp\/v2\/pages\/395\/revisions\/439"}],"wp:attachment":[{"href":"https:\/\/moon42-195.com\/index.php\/wp-json\/wp\/v2\/media?parent=395"}],"curies":[{"name":"wp","href":"https:\/\/api.w.org\/{rel}","templated":true}]}}