{"id":516,"date":"2025-05-16T18:04:26","date_gmt":"2025-05-16T16:04:26","guid":{"rendered":"https:\/\/moon42-195.com\/?page_id=516"},"modified":"2025-05-18T22:21:46","modified_gmt":"2025-05-18T20:21:46","slug":"qui-sommes-nous","status":"publish","type":"page","link":"https:\/\/moon42-195.com\/index.php\/qui-sommes-nous\/","title":{"rendered":"Qui sommes-nous ?"},"content":{"rendered":"\n<p>Service d\u2019\u00e9dition de la soci\u00e9t\u00e9 Ceesli, Ceesli Editions publie des livres qui font voyager le lecteur.<\/p>\n\n\n\n<figure class=\"wp-block-image aligncenter size-full\"><img loading=\"lazy\" decoding=\"async\" width=\"640\" height=\"486\" src=\"https:\/\/moon42-195.com\/wp-content\/uploads\/2025\/05\/IMG_7004-1.jpeg\" alt=\"\" class=\"wp-image-524\" srcset=\"https:\/\/moon42-195.com\/wp-content\/uploads\/2025\/05\/IMG_7004-1.jpeg 640w, https:\/\/moon42-195.com\/wp-content\/uploads\/2025\/05\/IMG_7004-1-300x228.jpeg 300w, https:\/\/moon42-195.com\/wp-content\/uploads\/2025\/05\/IMG_7004-1-600x456.jpeg 600w\" sizes=\"auto, (max-width: 640px) 100vw, 640px\" \/><\/figure>\n\n\n\n<h2 class=\"wp-block-heading\"><strong>Ceesli<\/strong><\/h2>\n\n\n\n<p>Fond\u00e9e en 2011 par Julien Mentzer, Ceesli est sp\u00e9cialis\u00e9e dans la fourniture de prestations informatiques et de prestations consulting IT. Elle exerce aussi une activit\u00e9 d\u2019expertise technique pour la soci\u00e9t\u00e9 de production audiovisuelle Comci-Prod. Centr\u00e9 sur la th\u00e9matique \u00ab Voyage\/ D\u00e9couverte du Japon \u00bb, le partenariat a permis la production de plusieurs documentaires sur le sujet. Parmi eux, <em>La Balade du Sakura<\/em>. D\u00e9di\u00e9 aux ch\u00e2teaux japonais, il a notamment \u00e9t\u00e9 diffus\u00e9 sur la cha\u00eene de t\u00e9l\u00e9vision Voyage entre 2019 et 2021. L\u2019ensemble de ces documentaires est disponible, gratuitement, sur la chaine YouTube <br><a href=\"https:\/\/www.youtube.com\/channel\/UCbG0fWGTsK9LNbkiY6aG69w\">\u201cLa Balade du Sakura\u201d<\/a>.<\/p>\n\n\n\n<h2 class=\"wp-block-heading\"><strong>Ceesli Editions<\/strong><\/h2>\n\n\n\n<p>En parall\u00e8le aux activit\u00e9s de Ceesli, l\u2019envie de cr\u00e9ation de contenus de Julien Mentzer se concr\u00e9tise en 2013 avec la naissance de Ceesli Editions. Ce service repr\u00e9sente l\u2019activit\u00e9 de diversification de Ceesli pour l\u2019\u00e9dition de livres.&nbsp;<\/p>\n\n\n\n<p>Ceesli Editions a publi\u00e9 son premier livre en 2014, <em>Japon, ch\u00e2teaux et sac \u00e0 dos<\/em> (de Denis Mentzer et Julien Mentzer). Il s\u2019agit \u00e0 ce jour du seul ouvrage en langue fran\u00e7aise \u00e0 aborder le pan m\u00e9connu de la culture japonaise li\u00e9 \u00e0 ses ch\u00e2teaux. Si la version \u00ab imprim\u00e9e \u00bb est d\u00e9sormais \u00e9puis\u00e9e, la version <br>\u00ab num\u00e9rique \u00bb peut \u00eatre t\u00e9l\u00e9charg\u00e9e gratuitement depuis notre <a href=\"https:\/\/moon42-195.com\/index.php\/boutique\/\" data-type=\"page\" data-id=\"49\">boutique<\/a>.<\/p>\n\n\n\n<p><em>Moon 42.195<\/em> est quant \u00e0 lui le premier roman d\u2019anticipation publi\u00e9 par Ceesli Editions. Une histoire qui combine l\u2019amour de la course \u00e0 pied de l\u2019\u00e9diteur et de l\u2019auteur \u00e0 une aventure li\u00e9e au premier marathon lunaire. Des enjeux humains au complot pour conqu\u00e9rir l\u2019\u00e9conomie de la Lune, <em>Moon 42.195<\/em>, premier roman de Fabrice Aubert, entra\u00eene le lecteur en 2069 dans un r\u00e9cit haletant. A commander <a href=\"https:\/\/moon42-195.com\/index.php\/boutique\/\" data-type=\"page\" data-id=\"49\">ici<\/a>.<\/p>\n\n\n\n<p><\/p>\n","protected":false},"excerpt":{"rendered":"<p>Service d\u2019\u00e9dition de la soci\u00e9t\u00e9 Ceesli, Ceesli Editions publie des livres qui font voyager le lecteur. Ceesli Fond\u00e9e en 2011 par Julien Mentzer, Ceesli [&hellip;]<\/p>\n","protected":false},"author":3,"featured_media":0,"parent":0,"menu_order":0,"comment_status":"closed","ping_status":"closed","template":"","meta":{"_uag_custom_page_level_css":"","site-sidebar-layout":"default","site-content-layout":"","ast-site-content-layout":"","site-content-style":"default","site-sidebar-style":"default","ast-global-header-display":"","ast-banner-title-visibility":"","ast-main-header-display":"","ast-hfb-above-header-display":"","ast-hfb-below-header-display":"","ast-hfb-mobile-header-display":"","site-post-title":"","ast-breadcrumbs-content":"","ast-featured-img":"","footer-sml-layout":"","theme-transparent-header-meta":"","adv-header-id-meta":"","stick-header-meta":"","header-above-stick-meta":"","header-main-stick-meta":"","header-below-stick-meta":"","astra-migrate-meta-layouts":"default","ast-page-background-enabled":"default","ast-page-background-meta":{"desktop":{"background-color":"var(--ast-global-color-5)","background-image":"","background-repeat":"repeat","background-position":"center center","background-size":"auto","background-attachment":"scroll","background-type":"","background-media":"","overlay-type":"","overlay-color":"","overlay-opacity":"","overlay-gradient":""},"tablet":{"background-color":"","background-image":"","background-repeat":"repeat","background-position":"center center","background-size":"auto","background-attachment":"scroll","background-type":"","background-media":"","overlay-type":"","overlay-color":"","overlay-opacity":"","overlay-gradient":""},"mobile":{"background-color":"","background-image":"","background-repeat":"repeat","background-position":"center center","background-size":"auto","background-attachment":"scroll","background-type":"","background-media":"","overlay-type":"","overlay-color":"","overlay-opacity":"","overlay-gradient":""}},"ast-content-background-meta":{"desktop":{"background-color":"var(--ast-global-color-4)","background-image":"","background-repeat":"repeat","background-position":"center center","background-size":"auto","background-attachment":"scroll","background-type":"","background-media":"","overlay-type":"","overlay-color":"","overlay-opacity":"","overlay-gradient":""},"tablet":{"background-color":"var(--ast-global-color-4)","background-image":"","background-repeat":"repeat","background-position":"center center","background-size":"auto","background-attachment":"scroll","background-type":"","background-media":"","overlay-type":"","overlay-color":"","overlay-opacity":"","overlay-gradient":""},"mobile":{"background-color":"var(--ast-global-color-4)","background-image":"","background-repeat":"repeat","background-position":"center center","background-size":"auto","background-attachment":"scroll","background-type":"","background-media":"","overlay-type":"","overlay-color":"","overlay-opacity":"","overlay-gradient":""}},"footnotes":""},"class_list":["post-516","page","type-page","status-publish","hentry"],"uagb_featured_image_src":{"full":false,"thumbnail":false,"medium":false,"medium_large":false,"large":false,"1536x1536":false,"2048x2048":false,"woocommerce_thumbnail":false,"woocommerce_single":false,"woocommerce_gallery_thumbnail":false},"uagb_author_info":{"display_name":"Julien Mentzer","author_link":"https:\/\/moon42-195.com\/index.php\/author\/jmentzer\/"},"uagb_comment_info":0,"uagb_excerpt":"Service d\u2019\u00e9dition de la soci\u00e9t\u00e9 Ceesli, Ceesli Editions publie des livres qui font voyager le lecteur. Ceesli Fond\u00e9e en 2011 par Julien Mentzer, Ceesli [&hellip;]","_links":{"self":[{"href":"https:\/\/moon42-195.com\/index.php\/wp-json\/wp\/v2\/pages\/516","targetHints":{"allow":["GET"]}}],"collection":[{"href":"https:\/\/moon42-195.com\/index.php\/wp-json\/wp\/v2\/pages"}],"about":[{"href":"https:\/\/moon42-195.com\/index.php\/wp-json\/wp\/v2\/types\/page"}],"author":[{"embeddable":true,"href":"https:\/\/moon42-195.com\/index.php\/wp-json\/wp\/v2\/users\/3"}],"replies":[{"embeddable":true,"href":"https:\/\/moon42-195.com\/index.php\/wp-json\/wp\/v2\/comments?post=516"}],"version-history":[{"count":13,"href":"https:\/\/moon42-195.com\/index.php\/wp-json\/wp\/v2\/pages\/516\/revisions"}],"predecessor-version":[{"id":560,"href":"https:\/\/moon42-195.com\/index.php\/wp-json\/wp\/v2\/pages\/516\/revisions\/560"}],"wp:attachment":[{"href":"https:\/\/moon42-195.com\/index.php\/wp-json\/wp\/v2\/media?parent=516"}],"curies":[{"name":"wp","href":"https:\/\/api.w.org\/{rel}","templated":true}]}}