{"id":106,"date":"2025-05-04T17:02:25","date_gmt":"2025-05-04T15:02:25","guid":{"rendered":"https:\/\/moon42-195.com\/?post_type=product&#038;p=106"},"modified":"2025-10-12T21:50:14","modified_gmt":"2025-10-12T19:50:14","slug":"moon-42-195","status":"publish","type":"product","link":"https:\/\/moon42-195.com\/index.php\/produit\/moon-42-195\/","title":{"rendered":"MOON 42.195"},"content":{"rendered":"<p><b>Et si un marathon se d\u00e9roulait sur la Lune\u00a0?\u00a0<\/b><\/p>\n<p><span style=\"font-weight: 400;\">Au milieu du XXIe si\u00e8cle, la d\u00e9couverte du graviton a r\u00e9volutionn\u00e9 la conqu\u00eate spatiale\u00a0: l\u2019Homme peut se d\u00e9placer sur notre satellite comme sur la Terre\u2026 et donc y courir comme sur n\u2019importe quel chemin. Pour c\u00e9l\u00e9brer cette avanc\u00e9e d\u00e9cisive, Moon 42.195, le premier \u00e9v\u00e9nement sportif lunaire, est programm\u00e9 le 21 juillet 2069, un si\u00e8cle jour pour jour apr\u00e8s Apollo 11.<\/span><\/p>\n<p><span style=\"font-weight: 400;\">Augustin, un ex-champion olympique, se retrouve embarqu\u00e9 malgr\u00e9 lui dans cette aventure hors du commun. Face \u00e0 lui, se dresse une adversaire redoutable\u00a0: la patronne du plus grand consortium de l\u2019espace. Pour cette ancienne pr\u00e9sidente des Etats-Unis, Moon 42.195 est l\u2019occasion de faire main basse sur la Lune. Pour esp\u00e9rer la vaincre, Augustin devra surmonter de multiples manipulations\u2026<\/span><\/p>\n<p><em><span style=\"font-weight: 400;\">A la fois thriller spatial et r\u00e9cit d\u2019aventures, <\/span><\/em><span style=\"font-weight: 400;\">Moon 42.195<\/span><em><span style=\"font-weight: 400;\"> est un roman d\u2019anticipation. Depuis toujours, la Lune est source d\u2019inspirations et d\u2019histoires pour l\u2019Homme. Avec ce premier roman, Fabrice Aubert vous propose une lecture qui parle \u00e0 tous et incite \u00e0 la r\u00e9flexion. En attendant les prochains pas du successeur de Neil Armstrong sur notre satellite, partez d\u00e8s maintenant sur les traces de ceux d\u2019Augustin, le h\u00e9ros de ce marathon pas comme les autres\u00a0!\u00a0<\/span><\/em><\/p>\n","protected":false},"excerpt":{"rendered":"<p>Et si un marathon se d\u00e9roulait sur la Lune\u00a0?\u00a0 Au milieu du XXIe si\u00e8cle, la d\u00e9couverte du graviton a r\u00e9volutionn\u00e9 la conqu\u00eate spatiale\u00a0: l\u2019Homme [&hellip;]<\/p>\n","protected":false},"featured_media":664,"comment_status":"open","ping_status":"closed","template":"","meta":{"_uag_custom_page_level_css":"","site-sidebar-layout":"default","site-content-layout":"","ast-site-content-layout":"default","site-content-style":"default","site-sidebar-style":"default","ast-global-header-display":"","ast-banner-title-visibility":"","ast-main-header-display":"","ast-hfb-above-header-display":"","ast-hfb-below-header-display":"","ast-hfb-mobile-header-display":"","site-post-title":"","ast-breadcrumbs-content":"","ast-featured-img":"","footer-sml-layout":"","theme-transparent-header-meta":"default","adv-header-id-meta":"","stick-header-meta":"default","header-above-stick-meta":"","header-main-stick-meta":"","header-below-stick-meta":"","astra-migrate-meta-layouts":"set","ast-page-background-enabled":"default","ast-page-background-meta":{"desktop":{"background-color":"var(--ast-global-color-5)","background-image":"","background-repeat":"repeat","background-position":"center center","background-size":"auto","background-attachment":"scroll","background-type":"","background-media":"","overlay-type":"","overlay-color":"","overlay-opacity":"","overlay-gradient":""},"tablet":{"background-color":"","background-image":"","background-repeat":"repeat","background-position":"center center","background-size":"auto","background-attachment":"scroll","background-type":"","background-media":"","overlay-type":"","overlay-color":"","overlay-opacity":"","overlay-gradient":""},"mobile":{"background-color":"","background-image":"","background-repeat":"repeat","background-position":"center center","background-size":"auto","background-attachment":"scroll","background-type":"","background-media":"","overlay-type":"","overlay-color":"","overlay-opacity":"","overlay-gradient":""}},"ast-content-background-meta":{"desktop":{"background-color":"var(--ast-global-color-4)","background-image":"","background-repeat":"repeat","background-position":"center center","background-size":"auto","background-attachment":"scroll","background-type":"","background-media":"","overlay-type":"","overlay-color":"","overlay-opacity":"","overlay-gradient":""},"tablet":{"background-color":"var(--ast-global-color-4)","background-image":"","background-repeat":"repeat","background-position":"center center","background-size":"auto","background-attachment":"scroll","background-type":"","background-media":"","overlay-type":"","overlay-color":"","overlay-opacity":"","overlay-gradient":""},"mobile":{"background-color":"var(--ast-global-color-4)","background-image":"","background-repeat":"repeat","background-position":"center center","background-size":"auto","background-attachment":"scroll","background-type":"","background-media":"","overlay-type":"","overlay-color":"","overlay-opacity":"","overlay-gradient":""}}},"product_brand":[],"product_cat":[18],"product_tag":[],"class_list":{"0":"post-106","1":"product","2":"type-product","3":"status-publish","4":"has-post-thumbnail","6":"product_cat-roman","7":"desktop-align-left","8":"tablet-align-left","9":"mobile-align-left","10":"ast-product-gallery-layout-horizontal-slider","11":"ast-product-tabs-layout-horizontal","13":"first","14":"instock","15":"taxable","16":"shipping-taxable","17":"purchasable","18":"product-type-simple"},"uagb_featured_image_src":{"full":["https:\/\/moon42-195.com\/wp-content\/uploads\/2025\/10\/Couverture_prix2.png",909,1274,false],"thumbnail":["https:\/\/moon42-195.com\/wp-content\/uploads\/2025\/10\/Couverture_prix2-150x150.png",150,150,true],"medium":["https:\/\/moon42-195.com\/wp-content\/uploads\/2025\/10\/Couverture_prix2-214x300.png",214,300,true],"medium_large":["https:\/\/moon42-195.com\/wp-content\/uploads\/2025\/10\/Couverture_prix2-768x1076.png",768,1076,true],"large":["https:\/\/moon42-195.com\/wp-content\/uploads\/2025\/10\/Couverture_prix2-731x1024.png",731,1024,true],"1536x1536":["https:\/\/moon42-195.com\/wp-content\/uploads\/2025\/10\/Couverture_prix2.png",909,1274,false],"2048x2048":["https:\/\/moon42-195.com\/wp-content\/uploads\/2025\/10\/Couverture_prix2.png",909,1274,false],"woocommerce_thumbnail":["https:\/\/moon42-195.com\/wp-content\/uploads\/2025\/10\/Couverture_prix2-300x300.png",300,300,true],"woocommerce_single":["https:\/\/moon42-195.com\/wp-content\/uploads\/2025\/10\/Couverture_prix2-600x841.png",600,841,true],"woocommerce_gallery_thumbnail":["https:\/\/moon42-195.com\/wp-content\/uploads\/2025\/10\/Couverture_prix2-100x100.png",100,100,true]},"uagb_author_info":{"display_name":"Julien Mentzer","author_link":"https:\/\/moon42-195.com\/index.php\/author\/"},"uagb_comment_info":0,"uagb_excerpt":"Et si un marathon se d\u00e9roulait sur la Lune\u00a0?\u00a0 Au milieu du XXIe si\u00e8cle, la d\u00e9couverte du graviton a r\u00e9volutionn\u00e9 la conqu\u00eate spatiale\u00a0: l\u2019Homme [&hellip;]","_links":{"self":[{"href":"https:\/\/moon42-195.com\/index.php\/wp-json\/wp\/v2\/product\/106","targetHints":{"allow":["GET"]}}],"collection":[{"href":"https:\/\/moon42-195.com\/index.php\/wp-json\/wp\/v2\/product"}],"about":[{"href":"https:\/\/moon42-195.com\/index.php\/wp-json\/wp\/v2\/types\/product"}],"replies":[{"embeddable":true,"href":"https:\/\/moon42-195.com\/index.php\/wp-json\/wp\/v2\/comments?post=106"}],"wp:featuredmedia":[{"embeddable":true,"href":"https:\/\/moon42-195.com\/index.php\/wp-json\/wp\/v2\/media\/664"}],"wp:attachment":[{"href":"https:\/\/moon42-195.com\/index.php\/wp-json\/wp\/v2\/media?parent=106"}],"wp:term":[{"taxonomy":"product_brand","embeddable":true,"href":"https:\/\/moon42-195.com\/index.php\/wp-json\/wp\/v2\/product_brand?post=106"},{"taxonomy":"product_cat","embeddable":true,"href":"https:\/\/moon42-195.com\/index.php\/wp-json\/wp\/v2\/product_cat?post=106"},{"taxonomy":"product_tag","embeddable":true,"href":"https:\/\/moon42-195.com\/index.php\/wp-json\/wp\/v2\/product_tag?post=106"}],"curies":[{"name":"wp","href":"https:\/\/api.w.org\/{rel}","templated":true}]}}