{"id":546,"date":"2025-05-18T21:42:30","date_gmt":"2025-05-18T19:42:30","guid":{"rendered":"https:\/\/moon42-195.com\/?post_type=product&#038;p=546"},"modified":"2025-06-07T23:41:40","modified_gmt":"2025-06-07T21:41:40","slug":"japon-chateaux-et-sac-a-dos","status":"publish","type":"product","link":"https:\/\/moon42-195.com\/index.php\/produit\/japon-chateaux-et-sac-a-dos\/","title":{"rendered":"JAPON CH\u00c2TEAUX ET SAC \u00c0 DOS (T\u00e9l\u00e9chargement gratuit)"},"content":{"rendered":"<p>Il est 5h du matin et nos 70 kilos de mat\u00e9riel de tournage semblent nous jeter un regard amus\u00e9 \u00e0 l\u2019id\u00e9e de la balade qui se profile.<\/p>\n<p>Direction Tokyo, le Japon et ses ch\u00e2teaux.<\/p>\n<p>A deux, cam\u00e9ra aux poings, nous avons sillonn\u00e9 l\u2019archipel nippon du nord au sud, d\u2019est en ouest, pour un documentaire \u00e0 la d\u00e9couverte des plus anciens, et de certains des plus beaux donjons.<\/p>\n<p>Des sensations, des r\u00e9flexions, des anecdotes et des photos, pour un carnet de voyage, en mots et en images.<\/p>\n","protected":false},"excerpt":{"rendered":"<p>En t\u00e9l\u00e9chargement gratuit<\/p>\n","protected":false},"featured_media":550,"comment_status":"closed","ping_status":"closed","template":"","meta":{"_uag_custom_page_level_css":"","site-sidebar-layout":"default","site-content-layout":"","ast-site-content-layout":"default","site-content-style":"default","site-sidebar-style":"default","ast-global-header-display":"","ast-banner-title-visibility":"","ast-main-header-display":"","ast-hfb-above-header-display":"","ast-hfb-below-header-display":"","ast-hfb-mobile-header-display":"","site-post-title":"","ast-breadcrumbs-content":"","ast-featured-img":"","footer-sml-layout":"","theme-transparent-header-meta":"default","adv-header-id-meta":"","stick-header-meta":"default","header-above-stick-meta":"","header-main-stick-meta":"","header-below-stick-meta":"","astra-migrate-meta-layouts":"set","ast-page-background-enabled":"default","ast-page-background-meta":{"desktop":{"background-color":"var(--ast-global-color-5)","background-image":"","background-repeat":"repeat","background-position":"center center","background-size":"auto","background-attachment":"scroll","background-type":"","background-media":"","overlay-type":"","overlay-color":"","overlay-opacity":"","overlay-gradient":""},"tablet":{"background-color":"","background-image":"","background-repeat":"repeat","background-position":"center center","background-size":"auto","background-attachment":"scroll","background-type":"","background-media":"","overlay-type":"","overlay-color":"","overlay-opacity":"","overlay-gradient":""},"mobile":{"background-color":"","background-image":"","background-repeat":"repeat","background-position":"center center","background-size":"auto","background-attachment":"scroll","background-type":"","background-media":"","overlay-type":"","overlay-color":"","overlay-opacity":"","overlay-gradient":""}},"ast-content-background-meta":{"desktop":{"background-color":"var(--ast-global-color-4)","background-image":"","background-repeat":"repeat","background-position":"center center","background-size":"auto","background-attachment":"scroll","background-type":"","background-media":"","overlay-type":"","overlay-color":"","overlay-opacity":"","overlay-gradient":""},"tablet":{"background-color":"var(--ast-global-color-4)","background-image":"","background-repeat":"repeat","background-position":"center center","background-size":"auto","background-attachment":"scroll","background-type":"","background-media":"","overlay-type":"","overlay-color":"","overlay-opacity":"","overlay-gradient":""},"mobile":{"background-color":"var(--ast-global-color-4)","background-image":"","background-repeat":"repeat","background-position":"center center","background-size":"auto","background-attachment":"scroll","background-type":"","background-media":"","overlay-type":"","overlay-color":"","overlay-opacity":"","overlay-gradient":""}}},"product_brand":[],"product_cat":[22],"product_tag":[],"class_list":{"0":"post-546","1":"product","2":"type-product","3":"status-publish","4":"has-post-thumbnail","6":"product_cat-voyage-japon","7":"desktop-align-left","8":"tablet-align-left","9":"mobile-align-left","10":"ast-product-gallery-layout-horizontal-slider","11":"ast-product-gallery-with-no-image","12":"ast-product-tabs-layout-horizontal","14":"first","15":"instock","16":"downloadable","17":"virtual","18":"purchasable","19":"product-type-simple"},"uagb_featured_image_src":{"full":["https:\/\/moon42-195.com\/wp-content\/uploads\/2025\/05\/couv_285_japonsacados.jpg",285,285,false],"thumbnail":["https:\/\/moon42-195.com\/wp-content\/uploads\/2025\/05\/couv_285_japonsacados-150x150.jpg",150,150,true],"medium":["https:\/\/moon42-195.com\/wp-content\/uploads\/2025\/05\/couv_285_japonsacados.jpg",285,285,false],"medium_large":["https:\/\/moon42-195.com\/wp-content\/uploads\/2025\/05\/couv_285_japonsacados.jpg",285,285,false],"large":["https:\/\/moon42-195.com\/wp-content\/uploads\/2025\/05\/couv_285_japonsacados.jpg",285,285,false],"1536x1536":["https:\/\/moon42-195.com\/wp-content\/uploads\/2025\/05\/couv_285_japonsacados.jpg",285,285,false],"2048x2048":["https:\/\/moon42-195.com\/wp-content\/uploads\/2025\/05\/couv_285_japonsacados.jpg",285,285,false],"woocommerce_thumbnail":["https:\/\/moon42-195.com\/wp-content\/uploads\/2025\/05\/couv_285_japonsacados.jpg",285,285,false],"woocommerce_single":["https:\/\/moon42-195.com\/wp-content\/uploads\/2025\/05\/couv_285_japonsacados.jpg",285,285,false],"woocommerce_gallery_thumbnail":["https:\/\/moon42-195.com\/wp-content\/uploads\/2025\/05\/couv_285_japonsacados-100x100.jpg",100,100,true]},"uagb_author_info":{"display_name":"Julien Mentzer","author_link":"https:\/\/moon42-195.com\/index.php\/author\/"},"uagb_comment_info":0,"uagb_excerpt":"En t\u00e9l\u00e9chargement gratuit","_links":{"self":[{"href":"https:\/\/moon42-195.com\/index.php\/wp-json\/wp\/v2\/product\/546","targetHints":{"allow":["GET"]}}],"collection":[{"href":"https:\/\/moon42-195.com\/index.php\/wp-json\/wp\/v2\/product"}],"about":[{"href":"https:\/\/moon42-195.com\/index.php\/wp-json\/wp\/v2\/types\/product"}],"replies":[{"embeddable":true,"href":"https:\/\/moon42-195.com\/index.php\/wp-json\/wp\/v2\/comments?post=546"}],"wp:featuredmedia":[{"embeddable":true,"href":"https:\/\/moon42-195.com\/index.php\/wp-json\/wp\/v2\/media\/550"}],"wp:attachment":[{"href":"https:\/\/moon42-195.com\/index.php\/wp-json\/wp\/v2\/media?parent=546"}],"wp:term":[{"taxonomy":"product_brand","embeddable":true,"href":"https:\/\/moon42-195.com\/index.php\/wp-json\/wp\/v2\/product_brand?post=546"},{"taxonomy":"product_cat","embeddable":true,"href":"https:\/\/moon42-195.com\/index.php\/wp-json\/wp\/v2\/product_cat?post=546"},{"taxonomy":"product_tag","embeddable":true,"href":"https:\/\/moon42-195.com\/index.php\/wp-json\/wp\/v2\/product_tag?post=546"}],"curies":[{"name":"wp","href":"https:\/\/api.w.org\/{rel}","templated":true}]}}